{"id":6,"date":"2010-02-19T20:00:38","date_gmt":"2010-02-19T16:00:38","guid":{"rendered":"http:\/\/gartenberatung-bruehl.de\/?page_id=5"},"modified":"2020-07-02T11:18:40","modified_gmt":"2020-07-02T08:18:40","slug":"gartenlexikon","status":"publish","type":"page","link":"https:\/\/gartenberatung-bruehl.de\/?page_id=6","title":{"rendered":"Gartenlexikon"},"content":{"rendered":"<p><strong>B\u00e4ume: <\/strong>geben dem Garten Struktur und Charakter<\/p>\n<p><strong>Beleuchtung: <\/strong>Zug\u00e4nge und Stufen sollten beleuchtet sein, bei der Dekoration ist weniger oft mehr<\/p>\n<p><strong>Biotope:<\/strong> ein Paradies f\u00fcr Amphibien und Insekten<\/p>\n<p><strong>Blumen:<\/strong> ohne ihre sch\u00f6nen Bl\u00fcten ist ein Garten kaum denkbar<\/p>\n<p><strong>Bodenvorbereitung: <\/strong>daf\u00fcr sollten Sie sich wirklich Zeit nehmen &#8211; die Neupflanzungen danken es Ihnen!!!<\/p>\n<p><strong>Brunnen: <\/strong>zur Bew\u00e4sserung oder Dekoration &#8211; immer ein Blickfang<strong><em>&nbsp;<\/em><\/strong><\/p>\n<p><strong><em>&nbsp;<\/em><\/strong><br \/>\n<strong>D\u00fcnger: &#8211; Brennnesseljauche:<\/strong> 100 g Brennnesselabschnitte pro Liter Wasser, 2 &#8211; 4 Wochen g\u00e4ren lassen, im Verh\u00e4ltnis 1 : 10 bis 1 : 20 verd\u00fcnnen<\/p>\n<p><strong>Duftrasen:<\/strong>&nbsp;&nbsp;&nbsp;z.B. <strong><em>&nbsp;<\/em><\/strong>Minze, Thymian, Walderdbeere, Veilchen k\u00f6nnen in einem solchen Rasen vorkommen<\/p>\n<p><strong>Fr\u00fchbl\u00fcher:<\/strong> reservieren Sie wenigstens eine, vom Haus aus gut sichtbare Stelle, f\u00fcr fr\u00fch bl\u00fchende Str\u00e4ucher und Zwiebelpflanzen<br \/>\n<em><strong>&nbsp;<\/strong><\/em><\/p>\n<p><strong>Gartenhecken:<\/strong> rahmen G\u00e4rten ein oder teilen sie auf, sie sind ein guter Windschutz und die V\u00f6gel br\u00fcten dort gerne<\/p>\n<p><strong>Gartenmauern:<\/strong> rahmen G\u00e4rten ein oder teilen sie auf, speichern W\u00e4rme bei Sonneneinstrahlung<\/p>\n<p><strong>Gartentreppe: <\/strong>verschiedene Ebenen, durch Treppen&nbsp;oder einzelne Stufen verbunden, machen G\u00e4rten interessanter; &nbsp;lange Treppen werden einladender, wenn sie durch Podeste geteilt werden<\/p>\n<p><strong>Gartenwege:<\/strong> als Gestaltungselement oder um durch den Garten zu streifen<\/p>\n<p><strong>Gr\u00fcnd\u00e4cher:<\/strong>&nbsp; intensive oder extensive Dachbegr\u00fcnung; zun\u00e4chst sollten Sie sicher stellen, dass das Dach dicht und tragf\u00e4hig ist<strong><em>&nbsp;<\/em><\/strong><\/p>\n<p><strong>Immergr\u00fcne Pflanzen: <\/strong>sind im Winter gr\u00fcn und tauschen ihre Bl\u00e4tter\/Nadeln nach und nach aus<\/p>\n<p><strong>Krankheiten und Sch\u00e4dlinge:<\/strong> es gibt sooo viele, schauen Sie sich ihre Pflanzen genau an, sind die alten oder die jungen Bl\u00e4tter befallen?&nbsp;oder die Bl\u00fcten? was genau ist zu sehen? je genauer Sie den Schaden beschreiben k\u00f6nnen, desto besser ist zu beurteilen, wie der Pflanze geholfen werden kann<br \/>\n<strong><em>&nbsp;<\/em><\/strong><\/p>\n<p><strong>Kr\u00e4uter:<\/strong> sind mit ihren Bl\u00fcten und ihrem Duft eine Bereicherung f\u00fcr jedes Staudenbeet<\/p>\n<p><strong>Naturpool: <\/strong>eine Mischung aus Pool und Teich<\/p>\n<p><strong>Natursteine:<\/strong>&nbsp; im Kiesbeet oder als Trockenmauer attraktiv<\/p>\n<p><strong>Rasen: <\/strong>&nbsp;das ewige Thema ..<\/p>\n<p><strong>Schachtelhalmbr\u00fche:<\/strong> vorbeugend gegen Pilzerkrankungen, <strong>&nbsp;Rezept<\/strong>:&nbsp;100 g Schachtelhalmabschnitte in 1 l Wasser&nbsp;&nbsp;ca. 24 Std. zugedeckt ziehen lassen danach auf niedriger Temperatur 20 Minuten kochen. Im Verh\u00e4ltnis 1:5 verd\u00fcnnen und im Fr\u00fchjahr bis Sp\u00e4tsommer ausbringen.<\/p>\n<p><strong>Schwimmteich: <\/strong>der Vorteil (zum Pool): ist auch im Winter sch\u00f6n!<\/p>\n<p><strong>Str\u00e4ucher:<\/strong> geben dem Garten Struktur &#8211; was w\u00e4re ein Garten ohne Str\u00e4ucher?<\/p>\n<p><strong>Unkraut: <\/strong>das ist das, was in Beeten (oder auf Rasenfl\u00e4chen)&nbsp;w\u00e4chst, aber dort nicht wachsen soll &#8211; also sehr individuell<br \/>\n<strong><em>&nbsp;<\/em><\/strong><\/p>\n<p><strong>Wasserf\u00e4lle:<\/strong> sind sehr beliebt: besonders in&nbsp; japanische G\u00e4rten&nbsp;geh\u00f6rt flie\u00dfendes Wasser<\/p>\n<p><strong>Winterbl\u00fcher:<\/strong>&nbsp; d\u00fcrfen in keinem Garten fehlen, aber auch Formschnitte oder Str\u00e4ucher mit interessanter Rinde werten den Garten im Winter auf<strong><em>&nbsp;<\/em><\/strong><\/p>\n<p><strong>Wintergr\u00fcne Pflanzen:<em>&nbsp; <\/em><\/strong>halten im Winter ihr Laub, verlieren es dann aber im Fr\u00fchjahr, wenn die neuen Bl\u00e4tter kommen&nbsp;(siehe immergr\u00fcne Pflanzen)<\/p>\n<p><strong>Zimmerpflanzen:<\/strong> regelm\u00e4\u00dfiges Umtopfen in frisches Substrat und d\u00fcngen ist f\u00fcr ein gesundes Wachstum ebenso wichtig wie gie\u00dfen<\/p>\n","protected":false},"excerpt":{"rendered":"<p>B\u00e4ume: geben dem Garten Struktur und Charakter Beleuchtung: Zug\u00e4nge und Stufen sollten beleuchtet sein, bei der Dekoration ist weniger oft mehr Biotope: ein Paradies f\u00fcr Amphibien und Insekten Blumen: ohne ihre sch\u00f6nen Bl\u00fcten ist ein Garten kaum denkbar Bodenvorbereitung: daf\u00fcr sollten Sie sich wirklich Zeit nehmen &#8211; die Neupflanzungen danken es Ihnen!!! Brunnen: zur Bew\u00e4sserung [&hellip;]<\/p>\n","protected":false},"author":1,"featured_media":0,"parent":0,"menu_order":0,"comment_status":"closed","ping_status":"open","template":"","meta":{"footnotes":""},"class_list":["post-6","page","type-page","status-publish","hentry"],"_links":{"self":[{"href":"https:\/\/gartenberatung-bruehl.de\/index.php?rest_route=\/wp\/v2\/pages\/6","targetHints":{"allow":["GET"]}}],"collection":[{"href":"https:\/\/gartenberatung-bruehl.de\/index.php?rest_route=\/wp\/v2\/pages"}],"about":[{"href":"https:\/\/gartenberatung-bruehl.de\/index.php?rest_route=\/wp\/v2\/types\/page"}],"author":[{"embeddable":true,"href":"https:\/\/gartenberatung-bruehl.de\/index.php?rest_route=\/wp\/v2\/users\/1"}],"replies":[{"embeddable":true,"href":"https:\/\/gartenberatung-bruehl.de\/index.php?rest_route=%2Fwp%2Fv2%2Fcomments&post=6"}],"version-history":[{"count":16,"href":"https:\/\/gartenberatung-bruehl.de\/index.php?rest_route=\/wp\/v2\/pages\/6\/revisions"}],"predecessor-version":[{"id":961,"href":"https:\/\/gartenberatung-bruehl.de\/index.php?rest_route=\/wp\/v2\/pages\/6\/revisions\/961"}],"wp:attachment":[{"href":"https:\/\/gartenberatung-bruehl.de\/index.php?rest_route=%2Fwp%2Fv2%2Fmedia&parent=6"}],"curies":[{"name":"wp","href":"https:\/\/api.w.org\/{rel}","templated":true}]}}