{"id":543,"date":"2018-02-15T12:27:53","date_gmt":"2018-02-15T09:27:53","guid":{"rendered":"http:\/\/gartenberatung-bruehl.de\/?page_id=543"},"modified":"2018-02-15T17:20:13","modified_gmt":"2018-02-15T14:20:13","slug":"datenschutzerklaerung-und-impressum","status":"publish","type":"page","link":"https:\/\/gartenberatung-bruehl.de\/?page_id=543","title":{"rendered":"Impressum &#038; Datenschutz"},"content":{"rendered":"<p><strong>Impressum:<\/strong> verantwortlich f\u00fcr diese Website ist:<\/p>\n<p>Susanne Zimmermann, Steinkleehang 14, 50321 Br\u00fchl<\/p>\n<p>Telefon: 02232 42913 &#8211;\u00a0E-Mail: gaerten-wie-gemalt@netcologne.de<\/p>\n<p><strong>Datenschutzerkl\u00e4rung<\/strong><br \/>\n<strong>Geltungsbereich<\/strong><br \/>\nDiese Datenschutzerkl\u00e4rung soll die Nutzer dieser Website gem\u00e4\u00df Bundesdatenschutzgesetz und Telemediengesetz \u00fcber die Art, den Umfang und den Zweck der Erhebung und Verwendung personenbezogener Daten durch den Websitebetreiber, Susanne Zimmermann, gaerten-wie-gemalt@netcolgone.de, Steinkleehang 14, 50321 Br\u00fchl, informieren.<br \/>\nDer Websitebetreiber nimmt Ihren Datenschutz sehr ernst und behandelt Ihre personenbezogenen Daten vertraulich und entsprechend der gesetzlichen Vorschriften.<br \/>\nBedenken Sie, dass die Daten\u00fcbertragung im Internet grunds\u00e4tzlich mit Sicherheitsl\u00fccken bedacht sein kann. Ein vollumf\u00e4nglicher Schutz vor dem Zugriff durch Fremde ist nicht realisierbar.<br \/>\n<strong>Zugriffsdaten<\/strong><br \/>\nDer Websitebetreiber bzw. Seitenprovider erhebt Daten \u00fcber Zugriffe auf die Seite und speichert diese als \u201eServer-Logfiles\u201c ab. Folgende Daten werden so protokolliert:<br \/>\n\u2022 Besuchte Website<br \/>\n\u2022 Uhrzeit zum Zeitpunkt des Zugriffes<br \/>\n\u2022 Mende der gesendeten Daten in Byte<br \/>\n\u2022 Quelle\/Verweis, von welchem Sie auf die Seite gelangten<br \/>\n\u2022 Verwendeter Browser<br \/>\n\u2022 Verwendetes Betriebssystem<br \/>\n\u2022 Verwendete IP-Adresse<br \/>\nDie erhobenen Daten dienen ausschlie\u00dflich statistischen Auswertungen und zur Verbesserung der Website. Der Websitebetreiber beh\u00e4lt sich allerdings vor, die Server-Logfiles nachtr\u00e4glich zu \u00fcberpr\u00fcfen sollten konkrete Anhaltspunkte auf eine rechtswidrige Nutzung hinweisen.<br \/>\n<strong>Umgang mit personenbezogenen Daten<\/strong><br \/>\nDer Websitebetreiber erhebt, nutzt und gibt ihre personenbezogenen Daten nur dann weiter, wenn dies im gesetzlichen Rahmen erlaubt ist oder Sie in die Datenerhebung einwilligen. Als personenbezogene Daten gelten alle Informationen, welche dazu dienen Ihre Person zu bestimmen und welche zu Ihnen zur\u00fcckverfolgt werden k\u00f6nnen \u2013 z.B. Ihr Name, Ihre Telefonnummer, Ihre E-Mail-Adresse.<br \/>\n<strong>Umgang mit Kontaktdaten<\/strong><br \/>\nNehmen Sie mit dem Websitebetreiber durch die angebotenen Kontaktm\u00f6glichkeiten Verbindung auf, werden Ihre Daten nicht an Dritte weitergegeben.<br \/>\n<strong>Umgang mit Kommentaren und Beitr\u00e4gen<\/strong><br \/>\nHinterlassen Sie auf dieser Website einen Kommentar oder einen Beitrag wird Ihre IP-Adresse gespeichert. Dies dient der Sicherheit des Websitebetreibers: Verst\u00f6\u00dft Ihr Text gegen das Recht, m\u00f6chte er Ihre Identit\u00e4t nachverfolgen k\u00f6nnen.<br \/>\n<strong>Newsletter-Abonnement<\/strong><br \/>\nDer Websitebetreiber bietet Ihnen einen Newsletter an, in welchem er Sie \u00fcber aktuelle Geschehnisse und Angebote informiert. Wenn Sie diesen abonnieren wollen m\u00fcssen Sie eine valide E-Mail-Adresse angeben.<br \/>\n<strong>Rechte des Nutzers: Auskunft, Berichtigung und L\u00f6schung<\/strong><br \/>\nSie als Nutzer erhalten auf Antrag Ihrerseits kostenlose Auskunft dar\u00fcber, welche personenbezogenen Daten \u00fcber Sie gespeichert wurden. Sofern Ihr Wunsch nicht mit einer gesetzlichen Pflicht zur Aufbewahrung von Daten (z.B. Vorratsdatenspeicherung) kollidiert, haben Sie ein Anrecht auf Berichtigung falscher Daten und auf die Sperrung oder L\u00f6schung Ihrer personenbezogenen Daten.<\/p>\n","protected":false},"excerpt":{"rendered":"<p>Impressum: verantwortlich f\u00fcr diese Website ist: Susanne Zimmermann, Steinkleehang 14, 50321 Br\u00fchl Telefon: 02232 42913 &#8211;\u00a0E-Mail: gaerten-wie-gemalt@netcologne.de Datenschutzerkl\u00e4rung Geltungsbereich Diese Datenschutzerkl\u00e4rung soll die Nutzer dieser Website gem\u00e4\u00df Bundesdatenschutzgesetz und Telemediengesetz \u00fcber die Art, den Umfang und den Zweck der Erhebung und Verwendung personenbezogener Daten durch den Websitebetreiber, Susanne Zimmermann, gaerten-wie-gemalt@netcolgone.de, Steinkleehang 14, 50321 Br\u00fchl, informieren. [&hellip;]<\/p>\n","protected":false},"author":2,"featured_media":0,"parent":0,"menu_order":0,"comment_status":"closed","ping_status":"closed","template":"","meta":{"footnotes":""},"class_list":["post-543","page","type-page","status-publish","hentry"],"_links":{"self":[{"href":"https:\/\/gartenberatung-bruehl.de\/index.php?rest_route=\/wp\/v2\/pages\/543","targetHints":{"allow":["GET"]}}],"collection":[{"href":"https:\/\/gartenberatung-bruehl.de\/index.php?rest_route=\/wp\/v2\/pages"}],"about":[{"href":"https:\/\/gartenberatung-bruehl.de\/index.php?rest_route=\/wp\/v2\/types\/page"}],"author":[{"embeddable":true,"href":"https:\/\/gartenberatung-bruehl.de\/index.php?rest_route=\/wp\/v2\/users\/2"}],"replies":[{"embeddable":true,"href":"https:\/\/gartenberatung-bruehl.de\/index.php?rest_route=%2Fwp%2Fv2%2Fcomments&post=543"}],"version-history":[{"count":10,"href":"https:\/\/gartenberatung-bruehl.de\/index.php?rest_route=\/wp\/v2\/pages\/543\/revisions"}],"predecessor-version":[{"id":622,"href":"https:\/\/gartenberatung-bruehl.de\/index.php?rest_route=\/wp\/v2\/pages\/543\/revisions\/622"}],"wp:attachment":[{"href":"https:\/\/gartenberatung-bruehl.de\/index.php?rest_route=%2Fwp%2Fv2%2Fmedia&parent=543"}],"curies":[{"name":"wp","href":"https:\/\/api.w.org\/{rel}","templated":true}]}}