{"id":5,"date":"2009-06-16T17:23:46","date_gmt":"2009-06-16T13:23:46","guid":{"rendered":"http:\/\/gartenberatung-bruehl.de\/?page_id=2"},"modified":"2022-01-14T16:27:16","modified_gmt":"2022-01-14T13:27:16","slug":"about-2","status":"publish","type":"page","link":"https:\/\/gartenberatung-bruehl.de\/?page_id=5","title":{"rendered":"Gartenarten"},"content":{"rendered":"<h4>\u00a0<\/h4>\n<h4>Die meisten G\u00e4rten sind Mischungen aus:\u00a0<\/h4>\n<h4><span style=\"color: #339966;\">Familiengarten<\/span><\/h4>\n<p>pflegearm, robust und trotzdem attraktiv &#8211; \u00a0Platz zum Entdecken, Forschen, Verstecken und viele W\u00fcnsche mehr sollen hier erf\u00fcllt werden<\/p>\n<h4><span style=\"color: #339966;\">Naturgarten<\/span><\/h4>\n<p>bepflanzt wird weitgehend mit insektenfreundlichen, einheimischen Pflanzen; R\u00fcckschnitte erfolgen nur zur\u00fcckhaltend; durch Steinhaufen, Totholz, Nistm\u00f6glichkeiten und Wasserstellen werden Lebensr\u00e4ume f\u00fcr viele unterschiedliche Lebewesen geschaffen<\/p>\n<h3><span style=\"color: #339966;\">Obstgarten<\/span><\/h3>\n<p>als Streuobstwiese oder geordnete Spaliere oder vielleicht nur Beeren &#8211; \u00a0ganz nach dem eigenen Geschmack<\/p>\n<h3><span style=\"color: #339966;\">Nutzgarten<\/span><\/h3>\n<p>Mischung aus Gem\u00fcse und Obstgarten, es k\u00f6nnen auch Kleintiere hinzukommen<\/p>\n<h3><span style=\"color: #339966;\">Designgarten<\/span><\/h3>\n<p>klare Linien und Formen \u00fcberwiegen,\u00a0 Beschr\u00e4nkung auf das Wesentliche<\/p>\n<h3><span style=\"color: #339966;\">Biogarten<\/span><\/h3>\n<p>der eigene Kompost spielt hier eine gro\u00dfe Rolle<\/p>\n<h3><span style=\"color: #339966;\">Wassergarten<\/span><\/h3>\n<p>Schwimmteich, Sumpfgebiet, \u00a0Bachlauf, \u00a0Wasserfall, Miniteich &#8211; um wirklich sch\u00f6n zu sein, kommt es auch auf die Bepflanzung an<\/p>\n<h3><span style=\"color: #339966;\">Kr\u00e4utergarten<\/span><\/h3>\n<p>ob\u00a0 durch klare Linien getrennt oder wild, ein Kr\u00e4utergarten ist etwas f\u00fcr alle Sinne, Kr\u00e4uterg\u00e4rten\u00a0 bl\u00fchen und duften wundervoll, au\u00dferdem sind sie ein Paradies f\u00fcr unsere Insekten,\u00a0 eine Kr\u00e4uterspirale bietet den richtigen Platz f\u00fcr Kr\u00e4uter mit verschiedenen Standortanspr\u00fcchen<\/p>\n<h3><span style=\"color: #339966;\">Rosengarten<\/span><\/h3>\n<p>ob pflegeleichte Wildrosen mit ihren herrlichen Hagebutten im Herbst oder die edlen Duftrosen\u00a0 &#8211; Rosen schaffen Romantik<\/p>\n<h3><span style=\"color: #339966;\">Badegarten<\/span><\/h3>\n<p>hierzu geh\u00f6rt nicht nur der Schwimmteich oder Pool, auch\u00a0eine Sonnenterrasse oder ein &#8222;Strand&#8220; , eine Liegewiese aus Duftrasen,\u00a0 Schattenspender und\u00a0 ansprechender Sichtschutz<\/p>\n<h3><span style=\"color: #339966;\">Gem\u00fcsegarten<\/span><\/h3>\n<p>ob klein in Hochbeeten oder schon fast Bauernhof,\u00a0 Mischpflanzung und weite Fruchtfolgen halten ihren Boden gesund<\/p>\n\n\n<p><\/p>\n\n\n\n<p class=\"has-medium-font-size\"><\/p>\n","protected":false},"excerpt":{"rendered":"<p>\u00a0 Die meisten G\u00e4rten sind Mischungen aus:\u00a0 Familiengarten pflegearm, robust und trotzdem attraktiv &#8211; \u00a0Platz zum Entdecken, Forschen, Verstecken und viele W\u00fcnsche mehr sollen hier erf\u00fcllt werden Naturgarten bepflanzt wird weitgehend mit insektenfreundlichen, einheimischen Pflanzen; R\u00fcckschnitte erfolgen nur zur\u00fcckhaltend; durch Steinhaufen, Totholz, Nistm\u00f6glichkeiten und Wasserstellen werden Lebensr\u00e4ume f\u00fcr viele unterschiedliche Lebewesen geschaffen Obstgarten als Streuobstwiese [&hellip;]<\/p>\n","protected":false},"author":1,"featured_media":0,"parent":0,"menu_order":0,"comment_status":"closed","ping_status":"open","template":"","meta":{"footnotes":""},"class_list":["post-5","page","type-page","status-publish","hentry"],"_links":{"self":[{"href":"https:\/\/gartenberatung-bruehl.de\/index.php?rest_route=\/wp\/v2\/pages\/5","targetHints":{"allow":["GET"]}}],"collection":[{"href":"https:\/\/gartenberatung-bruehl.de\/index.php?rest_route=\/wp\/v2\/pages"}],"about":[{"href":"https:\/\/gartenberatung-bruehl.de\/index.php?rest_route=\/wp\/v2\/types\/page"}],"author":[{"embeddable":true,"href":"https:\/\/gartenberatung-bruehl.de\/index.php?rest_route=\/wp\/v2\/users\/1"}],"replies":[{"embeddable":true,"href":"https:\/\/gartenberatung-bruehl.de\/index.php?rest_route=%2Fwp%2Fv2%2Fcomments&post=5"}],"version-history":[{"count":11,"href":"https:\/\/gartenberatung-bruehl.de\/index.php?rest_route=\/wp\/v2\/pages\/5\/revisions"}],"predecessor-version":[{"id":1117,"href":"https:\/\/gartenberatung-bruehl.de\/index.php?rest_route=\/wp\/v2\/pages\/5\/revisions\/1117"}],"wp:attachment":[{"href":"https:\/\/gartenberatung-bruehl.de\/index.php?rest_route=%2Fwp%2Fv2%2Fmedia&parent=5"}],"curies":[{"name":"wp","href":"https:\/\/api.w.org\/{rel}","templated":true}]}}