{"id":300,"date":"2015-09-07T20:45:53","date_gmt":"2015-09-07T17:45:53","guid":{"rendered":"http:\/\/gartenberatung-bruehl.de\/?page_id=300"},"modified":"2026-02-27T21:59:00","modified_gmt":"2026-02-27T18:59:00","slug":"aktuelles-entsteint-euch","status":"publish","type":"page","link":"https:\/\/gartenberatung-bruehl.de\/?page_id=300","title":{"rendered":"Aktuelles &#038; Termine"},"content":{"rendered":"\n<p><\/p>\n\n\n\n<p><\/p>\n\n\n<p><span style=\"color: #339966;\"><strong>Newsletter:<\/strong><\/span><\/p>\n<p>Mein neuer Newsletter <strong>&#8222;Lieblingspflanzen&#8220;<\/strong> kann nun ganz bequem \u00fcber diese Web-Seite abonniert werden. Viermal im Jahr stelle ich gartentaugliche Stauden, Str\u00e4ucher und Kr\u00e4uter mit ihren Einsatzm\u00f6glichkeiten vor. Au\u00dferdem gibt es Hinweise zu meinen Events und Tipps f\u00fcr botanische Spazierg\u00e4nge oder sehenswerten G\u00e4rten und Parks.<\/p>\n<hr \/>\n<p><strong><span style=\"color: #008000;\">Termine:<\/span><\/strong><\/p>\n<p>Im Juni 2026 bin ich wieder bei der offenen Gartenpforte im s\u00fcdlichen Rheinland dabei. In meinem Newsletter im Mai erfahrt ihr mehr dazu.\u00a0<\/p>\n<p>\u00a0<\/p>\n<hr \/>\n\n\n<p><\/p>\n","protected":false},"excerpt":{"rendered":"<p>Newsletter: Mein neuer Newsletter &#8222;Lieblingspflanzen&#8220; kann nun ganz bequem \u00fcber diese Web-Seite abonniert werden. Viermal im Jahr stelle ich gartentaugliche Stauden, Str\u00e4ucher und Kr\u00e4uter mit ihren Einsatzm\u00f6glichkeiten vor. Au\u00dferdem gibt es Hinweise zu meinen Events und Tipps f\u00fcr botanische Spazierg\u00e4nge oder sehenswerten G\u00e4rten und Parks. Termine: Im Juni 2026 bin ich wieder bei der offenen [&hellip;]<\/p>\n","protected":false},"author":2,"featured_media":0,"parent":0,"menu_order":0,"comment_status":"closed","ping_status":"open","template":"","meta":{"footnotes":""},"class_list":["post-300","page","type-page","status-publish","hentry"],"_links":{"self":[{"href":"https:\/\/gartenberatung-bruehl.de\/index.php?rest_route=\/wp\/v2\/pages\/300","targetHints":{"allow":["GET"]}}],"collection":[{"href":"https:\/\/gartenberatung-bruehl.de\/index.php?rest_route=\/wp\/v2\/pages"}],"about":[{"href":"https:\/\/gartenberatung-bruehl.de\/index.php?rest_route=\/wp\/v2\/types\/page"}],"author":[{"embeddable":true,"href":"https:\/\/gartenberatung-bruehl.de\/index.php?rest_route=\/wp\/v2\/users\/2"}],"replies":[{"embeddable":true,"href":"https:\/\/gartenberatung-bruehl.de\/index.php?rest_route=%2Fwp%2Fv2%2Fcomments&post=300"}],"version-history":[{"count":137,"href":"https:\/\/gartenberatung-bruehl.de\/index.php?rest_route=\/wp\/v2\/pages\/300\/revisions"}],"predecessor-version":[{"id":1383,"href":"https:\/\/gartenberatung-bruehl.de\/index.php?rest_route=\/wp\/v2\/pages\/300\/revisions\/1383"}],"wp:attachment":[{"href":"https:\/\/gartenberatung-bruehl.de\/index.php?rest_route=%2Fwp%2Fv2%2Fmedia&parent=300"}],"curies":[{"name":"wp","href":"https:\/\/api.w.org\/{rel}","templated":true}]}}