{"id":252,"date":"2015-02-05T16:43:06","date_gmt":"2015-02-05T13:43:06","guid":{"rendered":"http:\/\/gartenberatung-bruehl.de\/?page_id=252"},"modified":"2024-03-30T17:14:52","modified_gmt":"2024-03-30T14:14:52","slug":"warum-gartenberatung","status":"publish","type":"page","link":"https:\/\/gartenberatung-bruehl.de\/?page_id=252","title":{"rendered":"Warum Gartenberatung?\/FAQ"},"content":{"rendered":"<p><span style=\"color: #339966;\"><strong><em>Warum Gartenberatung?<\/em><\/strong><\/span><\/p>\n<p>Weil Sie sich einen Plan w\u00fcnschen, der nach und nach von Ihnen selbst umgesetzt werden kann.<\/p>\n<p>Weil Sie nicht immer wieder Pflanzen kaufen wollen, die in Ihrem Garten dann doch nicht gedeihen oder passen.<\/p>\n<p>Weil Sie sich neue Ideen speziell f\u00fcr Ihren Garten, Terrasse oder Balkon w\u00fcnschen.<\/p>\n<p>Weil Garten f\u00fcr Sie &#8222;Neuland&#8220; ist und Sie Basiswissen brauchen.<\/p>\n<p>Weil Sie sich ein professionell geplantes Staudenbeet w\u00fcnschen.<\/p>\n<p>Weil Sie gerne\u00a0etwas aus einem Gartenbuch realisieren wollen, aber nicht wissen wie.<\/p>\n<p><span style=\"color: #339966;\"><strong><em>FAQ:<\/em> <\/strong><\/span><\/p>\n<p>Was kostet eine Gartenberatung?\u00a0 &#8211; Ich berechne 75 Euro pro Stunde plus ggfls. Anfahrt.<\/p>\n<p>Wieviel kostet ein Plan f\u00fcr meinen Garten oder mein Beet?\u00a0 &#8211; Das kommt auf die Gr\u00f6\u00dfe an. Am besten kl\u00e4ren wir das in einem Gespr\u00e4ch in ihrem Garten. Aber mit mindestens 6 &#8211; 8 Stundens\u00e4tzen m\u00fcssen Sie auch bei einem kleinen Garten oder Gartenteil rechnen.<\/p>\n<p>Was geh\u00f6rt zu einem Entwurf?\u00a0 &#8211; Bei mir erhalten Sie nicht nur eine Zeichnung. Auch eine Skizze, wie ihr Garten sp\u00e4ter aussehen wird, eine Pflanzenliste, Pflanzpl\u00e4ne f\u00fcr ausgew\u00e4hlte Beete, sowie Informationen, wo die Pflanzen zu beziehen sind und \u00fcber ihre Pflege, geh\u00f6ren dazu.<\/p>\n","protected":false},"excerpt":{"rendered":"<p>Warum Gartenberatung? Weil Sie sich einen Plan w\u00fcnschen, der nach und nach von Ihnen selbst umgesetzt werden kann. Weil Sie nicht immer wieder Pflanzen kaufen wollen, die in Ihrem Garten dann doch nicht gedeihen oder passen. Weil Sie sich neue Ideen speziell f\u00fcr Ihren Garten, Terrasse oder Balkon w\u00fcnschen. Weil Garten f\u00fcr Sie &#8222;Neuland&#8220; ist [&hellip;]<\/p>\n","protected":false},"author":2,"featured_media":0,"parent":0,"menu_order":0,"comment_status":"closed","ping_status":"open","template":"","meta":{"footnotes":""},"class_list":["post-252","page","type-page","status-publish","hentry"],"_links":{"self":[{"href":"https:\/\/gartenberatung-bruehl.de\/index.php?rest_route=\/wp\/v2\/pages\/252","targetHints":{"allow":["GET"]}}],"collection":[{"href":"https:\/\/gartenberatung-bruehl.de\/index.php?rest_route=\/wp\/v2\/pages"}],"about":[{"href":"https:\/\/gartenberatung-bruehl.de\/index.php?rest_route=\/wp\/v2\/types\/page"}],"author":[{"embeddable":true,"href":"https:\/\/gartenberatung-bruehl.de\/index.php?rest_route=\/wp\/v2\/users\/2"}],"replies":[{"embeddable":true,"href":"https:\/\/gartenberatung-bruehl.de\/index.php?rest_route=%2Fwp%2Fv2%2Fcomments&post=252"}],"version-history":[{"count":33,"href":"https:\/\/gartenberatung-bruehl.de\/index.php?rest_route=\/wp\/v2\/pages\/252\/revisions"}],"predecessor-version":[{"id":1280,"href":"https:\/\/gartenberatung-bruehl.de\/index.php?rest_route=\/wp\/v2\/pages\/252\/revisions\/1280"}],"wp:attachment":[{"href":"https:\/\/gartenberatung-bruehl.de\/index.php?rest_route=%2Fwp%2Fv2%2Fmedia&parent=252"}],"curies":[{"name":"wp","href":"https:\/\/api.w.org\/{rel}","templated":true}]}}