{"id":10,"date":"2010-02-26T21:57:57","date_gmt":"2010-02-26T18:57:57","guid":{"rendered":"http:\/\/gartenberatung-bruehl.de\/?page_id=10"},"modified":"2025-02-17T19:44:32","modified_gmt":"2025-02-17T16:44:32","slug":"uber-uns","status":"publish","type":"page","link":"https:\/\/gartenberatung-bruehl.de\/","title":{"rendered":"\u00dcber: G\u00e4rten wie gemalt"},"content":{"rendered":"<h4><\/h4>\n<p><span style=\"color: #666699;\"><strong>Susanne Zimmermann<\/strong><\/span><\/p>\n<p><span style=\"color: #003366;\">Gartengestalterin<\/span><\/p>\n<p><span style=\"color: #003366;\">individuelle und kreative Garten- und Staudenbeetplanung<\/span><\/p>\n<p><span style=\"color: #008000;\"><span style=\"color: #666699;\">Telefon:<\/span> 02232 42913<\/span><\/p>\n<p><span style=\"color: #666699;\">E-Mail<\/span>: gaerten-wie-gemalt@netcologne.de<\/p>\n<p><span style=\"color: #003366;\">Beratung zur Gestaltung, zur Bepflanzung und Pflege Ihres Gartens<\/span><\/p>\n<p><span style=\"color: #003366;\">Pl\u00e4ne zur Neu- oder Umgestaltung\u00a0<\/span><\/p>\n<p><span style=\"color: #003366;\">Pflanzpl\u00e4ne f\u00fcr gemischte, standortangepasste Staudenbeete<\/span><\/p>\n<p><span style=\"color: #003366;\">Coaching f\u00fcr Gartenneueinsteigende<\/span><\/p>\n<p><span style=\"color: #000000;\"><b>\u00a0 \u00a0 \u00a0<\/b><\/span><\/p>\n<figure id=\"attachment_503\" aria-describedby=\"caption-attachment-503\" style=\"width: 900px\" class=\"wp-caption alignnone\"><a href=\"http:\/\/gartenberatung-bruehl.de\/wp-content\/uploads\/2010\/02\/P1030891-2.jpg\"><img loading=\"lazy\" decoding=\"async\" class=\"wp-image-503 size-large\" src=\"http:\/\/gartenberatung-bruehl.de\/wp-content\/uploads\/2010\/02\/P1030891-2-1024x538.jpg\" alt=\"\" width=\"900\" height=\"473\" srcset=\"https:\/\/gartenberatung-bruehl.de\/wp-content\/uploads\/2010\/02\/P1030891-2-1024x538.jpg 1024w, https:\/\/gartenberatung-bruehl.de\/wp-content\/uploads\/2010\/02\/P1030891-2-300x157.jpg 300w, https:\/\/gartenberatung-bruehl.de\/wp-content\/uploads\/2010\/02\/P1030891-2-768x403.jpg 768w\" sizes=\"auto, (max-width: 900px) 100vw, 900px\" \/><\/a><figcaption id=\"caption-attachment-503\" class=\"wp-caption-text\">Im Vordergrund die Rose &#8222;Weg der Sinne&#8220;.<\/figcaption><\/figure>\n<h5><\/h5>\n<h5><span style=\"color: #666699;\"><strong>Susanne Zimmermann:<\/strong><\/span><\/h5>\n<h5><span style=\"color: #666699;\">&#8211; mehr als 20 Jahre Erfahrung in der Gartenpflege<\/span><\/h5>\n<h5><span style=\"color: #666699;\">&#8211; Lehrgang Gartengestaltung, Abschluss: &#8222;sehr gut&#8220;<\/span><\/h5>\n<h5><span style=\"color: #666699;\">&#8211; Weiterbildungen zum Thema: Staudenpflanzungen<\/span><\/h5>\n<h5><span style=\"color: #666699;\">&#8211; Weiterbildung zum Thema: Fassadenbegr\u00fcnung &#8222;Vertikale Begr\u00fcnung\/Living Walls&#8220; (2019)<\/span><\/h5>\n<h5><span style=\"color: #666699;\">&#8211; Weiterbildung zum Thema: Naturnahe Gestaltung und Pflege von Wohnquartieren (2023)<\/span><\/h5>\n<h5><span style=\"color: #666699;\">&#8211; Mitglied in der Gesellschaft der Staudenfreunde GdS<\/span><\/h5>\n<h5><span style=\"color: #666699;\">&#8211; Teilnahme an &#8222;Offener Gartenpforte&#8220; 2013 &#8211; 2016 + 2018 + 2019 + 2022 + 2023 + 2024<\/span><\/h5>\n<h5><\/h5>\n<h5><span style=\"color: #666699;\">Sie wollen mehr erfahren? &#8211;\u00a0 Dann schauen Sie doch auch auf die Seite<\/span> <a href=\"\/\/gartenberatung-bruehl.de\/?page_id=300\">&#8222;Aktuelles&#8220;<\/a><\/h5>\n","protected":false},"excerpt":{"rendered":"<p>Susanne Zimmermann Gartengestalterin individuelle und kreative Garten- und Staudenbeetplanung Telefon: 02232 42913 E-Mail: gaerten-wie-gemalt@netcologne.de Beratung zur Gestaltung, zur Bepflanzung und Pflege Ihres Gartens Pl\u00e4ne zur Neu- oder Umgestaltung\u00a0 Pflanzpl\u00e4ne f\u00fcr gemischte, standortangepasste Staudenbeete Coaching f\u00fcr Gartenneueinsteigende \u00a0 \u00a0 \u00a0 Susanne Zimmermann: &#8211; mehr als 20 Jahre Erfahrung in der Gartenpflege &#8211; Lehrgang Gartengestaltung, Abschluss: &#8222;sehr [&hellip;]<\/p>\n","protected":false},"author":2,"featured_media":0,"parent":0,"menu_order":0,"comment_status":"closed","ping_status":"closed","template":"","meta":{"footnotes":""},"class_list":["post-10","page","type-page","status-publish","hentry"],"_links":{"self":[{"href":"https:\/\/gartenberatung-bruehl.de\/index.php?rest_route=\/wp\/v2\/pages\/10","targetHints":{"allow":["GET"]}}],"collection":[{"href":"https:\/\/gartenberatung-bruehl.de\/index.php?rest_route=\/wp\/v2\/pages"}],"about":[{"href":"https:\/\/gartenberatung-bruehl.de\/index.php?rest_route=\/wp\/v2\/types\/page"}],"author":[{"embeddable":true,"href":"https:\/\/gartenberatung-bruehl.de\/index.php?rest_route=\/wp\/v2\/users\/2"}],"replies":[{"embeddable":true,"href":"https:\/\/gartenberatung-bruehl.de\/index.php?rest_route=%2Fwp%2Fv2%2Fcomments&post=10"}],"version-history":[{"count":145,"href":"https:\/\/gartenberatung-bruehl.de\/index.php?rest_route=\/wp\/v2\/pages\/10\/revisions"}],"predecessor-version":[{"id":1316,"href":"https:\/\/gartenberatung-bruehl.de\/index.php?rest_route=\/wp\/v2\/pages\/10\/revisions\/1316"}],"wp:attachment":[{"href":"https:\/\/gartenberatung-bruehl.de\/index.php?rest_route=%2Fwp%2Fv2%2Fmedia&parent=10"}],"curies":[{"name":"wp","href":"https:\/\/api.w.org\/{rel}","templated":true}]}}